{"id":32679,"date":"2020-11-15T07:49:54","date_gmt":"2020-11-15T00:49:54","guid":{"rendered":"https:\/\/wkvetter.com\/?page_id=32679"},"modified":"2020-11-16T15:42:52","modified_gmt":"2020-11-16T08:42:52","slug":"tuyen-dung-nhan-su-ke-toan%ef%bc%88accounting-staff%ef%bc%89","status":"publish","type":"page","link":"https:\/\/wkvetter.com\/?page_id=32679","title":{"rendered":"TUY\u1ec2N D\u1ee4NG NH\u00c2N S\u1ef0 K\u1ebe TO\u00c1N\uff08Accounting Staff\uff09"},"content":{"rendered":"\n<h3>Th\u00f4ng tin c\u00f4ng ty<\/h3>\n<p>Ch\u00fang t\u00f4i l\u00e0 c\u00f4ng ty \u0111i\u1ec1u h\u00e0nh c\u00e1c ph\u01b0\u01a1ng ti\u1ec7n truy\u1ec1n th\u00f4ng nh\u01b0 t\u1ea1p ch\u00ed, trang web d\u00e0nh cho c\u1ed9ng \u0111\u1ed3ng ng\u01b0\u1eddi Nh\u1eadt \u0111ang sinh s\u1ed1ng v\u00e0 l\u00e0m vi\u1ec7c t\u1ea1i Vi\u1ec7t Nam, \u0111\u01b0\u1ee3c th\u00e0nh l\u1eadp v\u00e0o n\u0103m 2010. Ngo\u00e0i ra, ch\u00fang t\u00f4i c\u00f2n m\u1edf r\u1ed9ng vi\u1ec7c qu\u1ea3n l\u00fd c\u00e1c ph\u01b0\u01a1ng ti\u1ec7n truy\u1ec1n th\u00f4ng nh\u01b0 trang web v\u1ec1 l\u00e0m \u0111\u1eb9p cho ph\u1ee5 n\u1eef Vi\u1ec7t Nam b\u1eaft \u0111\u1ea7u t\u1eeb n\u0103m 2018.<\/p>\n<a href=\"https:\/\/wkvetter.com\/wp-content\/uploads\/2019\/03\/fotohcm1.jpg\"><img loading=\"lazy\" decoding=\"async\" src=\"https:\/\/wkvetter.com\/wp-content\/uploads\/2019\/03\/fotohcm1-1024x768.jpg\" alt=\"\" width=\"728\" height=\"546\" class=\"alignnone size-large wp-image-1874\" srcset=\"https:\/\/wkvetter.com\/wp-content\/uploads\/2019\/03\/fotohcm1-1024x768.jpg 1024w, https:\/\/wkvetter.com\/wp-content\/uploads\/2019\/03\/fotohcm1-300x225.jpg 300w, https:\/\/wkvetter.com\/wp-content\/uploads\/2019\/03\/fotohcm1-768x576.jpg 768w, https:\/\/wkvetter.com\/wp-content\/uploads\/2019\/03\/fotohcm1-374x281.jpg 374w, https:\/\/wkvetter.com\/wp-content\/uploads\/2019\/03\/fotohcm1.jpg 2016w\" sizes=\"(max-width: 728px) 100vw, 728px\" \/><\/a>\n<h3>m\u00f4 t\u1ea3 c\u00f4ng vi\u1ec7c<\/h3>\n<ol>\n<li>Ki\u1ec3m tra, theo d\u00f5i v\u00e0 qu\u1ea3n l\u00fd c\u00f4ng n\u1ee3 c\u1ee7a c\u00e1c Supplier and Client.<\/li>\n<li>Ki\u1ec3m tra v\u00e0 xu\u1ea5t Y\u00eau C\u1ea7u Thanh To\u00e1n v\u00e0 H\u00f3a \u0111\u01a1n h\u00e0ng ng\u00e0y.<\/li>\n<li>Ki\u1ec3m tra h\u00f3a \u0111\u01a1n, y\u00eau c\u1ea7u thanh to\u00e1n v\u00e0 ch\u1ee9ng t\u1eeb li\u00ean quan \u0111\u1ebfn nh\u00e0 cung c\u1ea5p.<\/li>\n<li>Ki\u1ec3m tra v\u00e0 h\u1ed7 tr\u1ee3 ph\u00f2ng kinh doanh v\u1ec1 h\u1ee3p \u0111\u1ed3ng qu\u1ea3ng c\u00e1o, ki\u1ec3m tra nh\u1eadp h\u1ee3p \u0111\u1ed3ng v\u00e0o ph\u1ea7n m\u1ec1m Quickbook.<\/li>\n<li>L\u00e0m b\u1ea3ng l\u01b0\u01a1ng v\u00e0 thanh to\u00e1n l\u01b0\u01a1ng cho nh\u00e2n vi\u00ean<\/li>\n<li>Th\u1ee7 Qu\u1ef9 (ki\u1ec3m tra, \u0111\u1ed1i chi\u1ebfu v\u00e0 qu\u1ea3n l\u00fd ti\u1ec1n)<\/li>\n<li>Qu\u1ea3n l\u00fd phi\u1ebfu thu, phi\u1ebfu chi n\u1ed9i b\u1ed9 v\u00e0 nh\u1eadp v\u00e0o ph\u1ea7n m\u1ec1m Quickbook.<\/li>\n<li>Chu\u1ea9n b\u1ecb h\u00f3a \u0111\u01a1n ch\u1ee9ng t\u1eeb h\u00e0ng th\u00e1ng cho b\u00ean d\u1ecbch v\u1ee5 k\u1ebf to\u00e1n \u0111\u1ec3 chu\u1ea9n b\u1ecb b\u00e1o c\u00e1o thu\u1ebf, s\u1ed5 s\u00e1ch k\u1ebf to\u00e1n li\u00ean quan.<\/li>\n<li>L\u00e0m v\u00e0 qu\u1ea3n l\u00fd nh\u1eefng h\u1ed3 s\u01a1 li\u00ean quan \u0111\u1ebfn B\u1ea3o hi\u1ec3m x\u00e3 h\u1ed9i, Ng\u00e2n H\u00e0ng.<\/li>\n<li>L\u00e0m b\u00e1o c\u00e1o n\u1ed9i b\u1ed9 h\u00e0ng tu\u1ea7n, h\u00e0ng th\u00e1ng cho Gi\u00e1m \u0110\u1ed1c.<\/li>\n<\/ol>\n<h3>\u0110i\u1ec1u ki\u1ec7n<\/h3>\n<p>C\u00f3 kinh nghi\u1ec7m tr\u00ean 3 n\u0103m t\u1eebng l\u00e0m vi\u1ec7c trong l\u0129nh v\u1ef1c K\u1ebf to\u00e1n t\u1ea1i c\u00e1c doanh nghi\u1ec7p.<br \/>\nC\u00f3 th\u1ec3 l\u00e0m vi\u1ec7c t\u1ea1i TP.HCM<br \/>\nTi\u1ec1n l\u01b0\u01a1ng: 600usd\uff5e700usd\/th\u00e1ng<br \/>\nTh\u1eddi gian th\u1eed vi\u1ec7c: 60 ng\u00e0y<br \/>\nNg\u00f4n ng\u1eef: English (Cu\u1ed9c ph\u1ecfng v\u1ea5n s\u1ebd \u0111\u01b0\u1ee3c th\u1ef1c hi\u1ec7n b\u1eb1ng ti\u1ebfng Anh.)<br \/>\nT\u0103ng l\u01b0\u01a1ng: 1 n\u0103m 1 l\u1ea7n<br \/>\nM\u1ee9c th\u01b0\u1edfng: 1 n\u0103m 1 l\u1ea7n (th\u01b0\u1edfng T\u1ebft)<br \/>\nL\u00e0m vi\u1ec7c tr\u00ean 12 th\u00e1ng \u0111\u01b0\u1ee3c ngh\u1ec9 ph\u00e9p n\u0103m 12 ng\u00e0y<br \/>\nDu l\u1ecbch c\u00f4ng ty, li\u00ean hoan, tham gia BHXH,&#8230;.<br \/>\nTh\u1eddi gian l\u00e0m vi\u1ec7c: t\u1eeb th\u1ee9 2 \u0111\u1ebfn th\u1ee9 6 (9:00~18:00)<br \/>\nN\u01a1i l\u00e0m vi\u1ec7c: Qu\u1eadn 1, TP. HCM<\/p>\n<h3>\u1ee8ng tuy\u1ec3n<\/h3>\n<div class=\"cbox is-style-yellow_box type_normal\"><div class=\"cboxcomment\">\n[mwform_formkey key=&#8221;32675&#8243;]\n<\/div><\/div>\n<div class=\"veu_socialSet veu_socialSet-position-after veu_contentAddSection\"><script>window.twttr=(function(d,s,id){var js,fjs=d.getElementsByTagName(s)[0],t=window.twttr||{};if(d.getElementById(id))return t;js=d.createElement(s);js.id=id;js.src=\"https:\/\/platform.twitter.com\/widgets.js\";fjs.parentNode.insertBefore(js,fjs);t._e=[];t.ready=function(f){t._e.push(f);};return t;}(document,\"script\",\"twitter-wjs\"));<\/script><ul><\/ul><\/div><!-- [ \/.socialSet ] -->","protected":false},"excerpt":{"rendered":"<p>Th\u00f4ng tin c\u00f4ng ty Ch\u00fang t\u00f4i l\u00e0 c\u00f4ng ty \u0111i\u1ec1u h\u00e0nh c\u00e1c ph\u01b0\u01a1ng ti\u1ec7n truy\u1ec1n th\u00f4ng nh\u01b0 t\u1ea1p ch\u00ed, trang web d\u00e0nh cho &#8230;<\/p>\n","protected":false},"author":1,"featured_media":32684,"parent":0,"menu_order":0,"comment_status":"closed","ping_status":"closed","template":"","meta":{"_monsterinsights_skip_tracking":false,"_monsterinsights_sitenote_active":false,"_monsterinsights_sitenote_note":"","_monsterinsights_sitenote_category":0,"footnotes":"","vkexunit_cta_each_option":""},"tags":[],"aioseo_notices":[],"_links":{"self":[{"href":"https:\/\/wkvetter.com\/index.php?rest_route=\/wp\/v2\/pages\/32679"}],"collection":[{"href":"https:\/\/wkvetter.com\/index.php?rest_route=\/wp\/v2\/pages"}],"about":[{"href":"https:\/\/wkvetter.com\/index.php?rest_route=\/wp\/v2\/types\/page"}],"author":[{"embeddable":true,"href":"https:\/\/wkvetter.com\/index.php?rest_route=\/wp\/v2\/users\/1"}],"replies":[{"embeddable":true,"href":"https:\/\/wkvetter.com\/index.php?rest_route=%2Fwp%2Fv2%2Fcomments&post=32679"}],"version-history":[{"count":4,"href":"https:\/\/wkvetter.com\/index.php?rest_route=\/wp\/v2\/pages\/32679\/revisions"}],"predecessor-version":[{"id":32731,"href":"https:\/\/wkvetter.com\/index.php?rest_route=\/wp\/v2\/pages\/32679\/revisions\/32731"}],"wp:featuredmedia":[{"embeddable":true,"href":"https:\/\/wkvetter.com\/index.php?rest_route=\/wp\/v2\/media\/32684"}],"wp:attachment":[{"href":"https:\/\/wkvetter.com\/index.php?rest_route=%2Fwp%2Fv2%2Fmedia&parent=32679"}],"wp:term":[{"taxonomy":"post_tag","embeddable":true,"href":"https:\/\/wkvetter.com\/index.php?rest_route=%2Fwp%2Fv2%2Ftags&post=32679"}],"curies":[{"name":"wp","href":"https:\/\/api.w.org\/{rel}","templated":true}]}}