{"id":32121,"date":"2020-10-30T17:23:16","date_gmt":"2020-10-30T10:23:16","guid":{"rendered":"https:\/\/wkvetter.com\/?page_id=32121"},"modified":"2020-11-15T07:50:39","modified_gmt":"2020-11-15T00:50:39","slug":"tuyen-dung-nhan-su-thuong-mai-dien-tu%ef%bc%88online-shop-manager%ef%bc%89","status":"publish","type":"page","link":"https:\/\/wkvetter.com\/?page_id=32121","title":{"rendered":"TUY\u1ec2N D\u1ee4NG NH\u00c2N S\u1ef0 TH\u01af\u01a0NG M\u1ea0I \u0110I\u1ec6N T\u1eec\uff08Online Shop Manager\uff09"},"content":{"rendered":"\n<p><font color=\"blue\">Ch\u00fang t\u00f4i mong mu\u1ed1n t\u00ecm ki\u1ebfm \u1ee9ng vi\u00ean c\u00f3 kinh nghi\u1ec7m tr\u00ean 1 n\u0103m trong l\u0129nh v\u1ef1c th\u01b0\u01a1ng m\u1ea1i \u0111i\u1ec7n t\u1eed, \u0111\u00e3 t\u1eebng qu\u1ea3n l\u00fd b\u00e1n h\u00e0ng shop online c\u00e1 nh\u00e2n, ch\u0103m s\u00f3c kh\u00e1ch h\u00e0ng, qu\u1ea3n l\u00fd h\u00e0ng h\u00f3a v\u1eadn chuy\u1ec3n v\u00e0 c\u00f3 ki\u1ebfn th\u1ee9c v\u1ec1 l\u0129nh v\u1ef1c makerting.<\/font><\/p>\n<h3>Th\u00f4ng tin c\u00f4ng ty<\/h3>\n<p>Ch\u00fang t\u00f4i l\u00e0 c\u00f4ng ty b\u1eaft \u0111\u1ea7u ho\u1ea1t \u0111\u1ed9ng trong l\u0129nh v\u1ef1c nh\u1eadp kh\u1ea9u v\u00e0 kinh doanh th\u1ef1c ph\u1ea9m l\u00e0m \u0111\u1eb9p, th\u1eddi trang v\u00e0 s\u1ee9c kh\u1ecfe. (<a href=\"https:\/\/beautiesvietnam.vn\/\" target=\"_blank\" rel=\"noopener noreferrer\">beautiesvietnam.vn<\/a>)<br \/>\n\u0110\u00e2y l\u00e0 m\u1ed9t c\u00f4ng ty m\u1edbi c\u1ee7a c\u00f4ng ty \u0111\u00e3 l\u00e0m ho\u1ea1t \u0111\u1ed9ng trong ng\u00e0nh xu\u1ea5t b\u1ea3n b\u00e1o ch\u00ed h\u01a1n 10 n\u0103m.<\/p>\n<a href=\"https:\/\/wkvetter.com\/wp-content\/uploads\/2019\/03\/fotohcm1.jpg\"><img loading=\"lazy\" decoding=\"async\" src=\"https:\/\/wkvetter.com\/wp-content\/uploads\/2019\/03\/fotohcm1-1024x768.jpg\" alt=\"\" width=\"728\" height=\"546\" class=\"alignnone size-large wp-image-1874\" srcset=\"https:\/\/wkvetter.com\/wp-content\/uploads\/2019\/03\/fotohcm1-1024x768.jpg 1024w, https:\/\/wkvetter.com\/wp-content\/uploads\/2019\/03\/fotohcm1-300x225.jpg 300w, https:\/\/wkvetter.com\/wp-content\/uploads\/2019\/03\/fotohcm1-768x576.jpg 768w, https:\/\/wkvetter.com\/wp-content\/uploads\/2019\/03\/fotohcm1-374x281.jpg 374w, https:\/\/wkvetter.com\/wp-content\/uploads\/2019\/03\/fotohcm1.jpg 2016w\" sizes=\"(max-width: 728px) 100vw, 728px\" \/><\/a>\n<h3>m\u00f4 t\u1ea3 c\u00f4ng vi\u1ec7c<\/h3>\n<ol>\n<li>Qu\u1ea3n l\u00fd c\u1eeda h\u00e0ng tr\u1ef1c tuy\u1ebfn<\/li>\n<li>T\u1ea3i l\u00ean h\u00ecnh \u1ea3nh v\u00e0 th\u00f4ng tin s\u1ea3n ph\u1ea9m<\/li>\n<li>Tr\u1ea3 l\u1eddi c\u00e2u h\u1ecfi<\/li>\n<li>Ki\u1ec3m so\u00e1t h\u00e0ng t\u1ed3n kho<\/li>\n<li>Qu\u1ea3n l\u00fd v\u1eadn chuy\u1ec3n<\/li>\n<li>Th\u1ef1c hi\u1ec7n chi\u1ebfn d\u1ecbch tr\u1ef1c tuy\u1ebfn<\/li>\n<li>Th\u1ef1c hi\u1ec7n c\u00e1c k\u1ebf ho\u1ea1ch marketing \u0111\u1ed1i v\u1edbi ng\u01b0\u1eddi c\u00f3 \u1ea3nh h\u01b0\u1edfng trong c\u1ed9ng \u0111\u1ed3ng<\/li>\n<\/ol>\n<h3>\u0110i\u1ec1u ki\u1ec7n<\/h3>\n<p>C\u00f3 kinh nghi\u1ec7m tr\u00ean 1 n\u0103m t\u1eebng l\u00e0m vi\u1ec7c trong l\u0129nh v\u1ef1c th\u01b0\u01a1ng m\u1ea1i \u0111i\u1ec7n t\u1eed  t\u1ea1i c\u00e1c doanh nghi\u1ec7p t\u1ef1 s\u1ea3n xu\u1ea5t v\u00e0 ph\u00e2n ph\u1ed1i s\u1ea3n ph\u1ea9m ra th\u1ecb tr\u01b0\u1eddng<br \/>\nC\u00f3 th\u1ec3 l\u00e0m vi\u1ec7c t\u1ea1i TP.HCM<br \/>\nTi\u1ec1n l\u01b0\u01a1ng: 500usd\uff5e650usd\/th\u00e1ng<br \/>\nTh\u1eddi gian th\u1eed vi\u1ec7c: 60 ng\u00e0y<br \/>\nNg\u00f4n ng\u1eef: English (Cu\u1ed9c ph\u1ecfng v\u1ea5n s\u1ebd \u0111\u01b0\u1ee3c th\u1ef1c hi\u1ec7n b\u1eb1ng ti\u1ebfng Anh.)<br \/>\nT\u0103ng l\u01b0\u01a1ng: 1 n\u0103m 1 l\u1ea7n<br \/>\nM\u1ee9c th\u01b0\u1edfng: 1 n\u0103m 1 l\u1ea7n (th\u01b0\u1edfng T\u1ebft)<br \/>\nL\u00e0m vi\u1ec7c tr\u00ean 12 th\u00e1ng \u0111\u01b0\u1ee3c ngh\u1ec9 ph\u00e9p n\u0103m 12 ng\u00e0y<br \/>\nDu l\u1ecbch c\u00f4ng ty, li\u00ean hoan, tham gia BHXH,&#8230;.<br \/>\nTh\u1eddi gian l\u00e0m vi\u1ec7c: t\u1eeb th\u1ee9 2 \u0111\u1ebfn th\u1ee9 6 (9:00~18:00)<br \/>\nN\u01a1i l\u00e0m vi\u1ec7c: Qu\u1eadn 1, TP. HCM<\/p>\n<h3>\u1ee8ng tuy\u1ec3n<\/h3>\n[mwform_formkey key=&#8221;32127&#8243;]\n<div class=\"veu_socialSet veu_socialSet-position-after veu_contentAddSection\"><script>window.twttr=(function(d,s,id){var js,fjs=d.getElementsByTagName(s)[0],t=window.twttr||{};if(d.getElementById(id))return t;js=d.createElement(s);js.id=id;js.src=\"https:\/\/platform.twitter.com\/widgets.js\";fjs.parentNode.insertBefore(js,fjs);t._e=[];t.ready=function(f){t._e.push(f);};return t;}(document,\"script\",\"twitter-wjs\"));<\/script><ul><\/ul><\/div><!-- [ \/.socialSet ] -->","protected":false},"excerpt":{"rendered":"<p>Ch\u00fang t\u00f4i mong mu\u1ed1n t\u00ecm ki\u1ebfm \u1ee9ng vi\u00ean c\u00f3 kinh nghi\u1ec7m tr\u00ean 1 n\u0103m trong l\u0129nh v\u1ef1c th\u01b0\u01a1ng m\u1ea1i \u0111i\u1ec7n t\u1eed, \u0111\u00e3 t\u1eebng qu\u1ea3&#8230;<\/p>\n","protected":false},"author":1,"featured_media":32123,"parent":0,"menu_order":0,"comment_status":"closed","ping_status":"closed","template":"","meta":{"_monsterinsights_skip_tracking":false,"_monsterinsights_sitenote_active":false,"_monsterinsights_sitenote_note":"","_monsterinsights_sitenote_category":0,"footnotes":"","vkexunit_cta_each_option":""},"tags":[],"aioseo_notices":[],"_links":{"self":[{"href":"https:\/\/wkvetter.com\/index.php?rest_route=\/wp\/v2\/pages\/32121"}],"collection":[{"href":"https:\/\/wkvetter.com\/index.php?rest_route=\/wp\/v2\/pages"}],"about":[{"href":"https:\/\/wkvetter.com\/index.php?rest_route=\/wp\/v2\/types\/page"}],"author":[{"embeddable":true,"href":"https:\/\/wkvetter.com\/index.php?rest_route=\/wp\/v2\/users\/1"}],"replies":[{"embeddable":true,"href":"https:\/\/wkvetter.com\/index.php?rest_route=%2Fwp%2Fv2%2Fcomments&post=32121"}],"version-history":[{"count":21,"href":"https:\/\/wkvetter.com\/index.php?rest_route=\/wp\/v2\/pages\/32121\/revisions"}],"predecessor-version":[{"id":32681,"href":"https:\/\/wkvetter.com\/index.php?rest_route=\/wp\/v2\/pages\/32121\/revisions\/32681"}],"wp:featuredmedia":[{"embeddable":true,"href":"https:\/\/wkvetter.com\/index.php?rest_route=\/wp\/v2\/media\/32123"}],"wp:attachment":[{"href":"https:\/\/wkvetter.com\/index.php?rest_route=%2Fwp%2Fv2%2Fmedia&parent=32121"}],"wp:term":[{"taxonomy":"post_tag","embeddable":true,"href":"https:\/\/wkvetter.com\/index.php?rest_route=%2Fwp%2Fv2%2Ftags&post=32121"}],"curies":[{"name":"wp","href":"https:\/\/api.w.org\/{rel}","templated":true}]}}