{"id":1840,"date":"2019-03-14T16:24:01","date_gmt":"2019-03-14T09:24:01","guid":{"rendered":"https:\/\/wkvetter.com\/?page_id=1840"},"modified":"2021-11-08T23:21:40","modified_gmt":"2021-11-08T16:21:40","slug":"tuyen-dung-ha-noi","status":"publish","type":"page","link":"https:\/\/wkvetter.com\/?page_id=1840","title":{"rendered":"Tuy\u1ec3n D\u1ee5ng Ha Noi"},"content":{"rendered":"\n<span style=\"font-family: arial;\"><\/p>\n<p><center><b><u><span style=\"font-size: x-large;\">Y\u00eau c\u1ea7u \u1ee9ng tuy\u1ec3n<\/span><\/u><\/b><\/center><\/p>\n<table>\n<tbody>\n<tr>\n<th style=\"width: 20%;\">N\u1ed9i dung c\u00f4ng vi\u1ec7c<\/th>\n<td style=\"width: 80%;\">1.B\u00e1n h\u00e0ng qu\u1ea3ng c\u00e1o cho k\u00eanh online v\u00e0 t\u1ea1p ch\u00ed ti\u1ebfng Nh\u1eadt.<br \/>\n2.T\u00ecm kh\u00e1ch qu\u1ea3ng c\u00e1o \/ Ti\u1ebfp th\u1ecb tr\u1ef1c tuy\u1ebfn \u0111\u1ec3 c\u00f3 \u0111\u01b0\u1ee3c kh\u00e1ch h\u00e0ng ti\u1ec1m n\u0103ng<br \/>\n3.Ch\u0103m s\u00f3c kh\u00e1ch qu\u1ea3ng c\u00e1o (t\u01b0 v\u1ea5n v\u1ec1 truy\u1ec1n th\u00f4ng v\u00e0 thi\u1ebft k\u1ebf qu\u1ea3ng c\u00e1o)<br \/>\n4.C\u00f4ng vi\u1ec7c v\u0103n ph\u00f2ng (l\u00e0m h\u1ee3p \u0111\u1ed3ng v\u00e0 h\u00f3a \u0111\u01a1n)<br \/>\n5.Qu\u1ea3n l\u00fd ti\u1ec1n<\/td>\n<\/tr>\n<tr>\n<th style=\"width: 20%;\">N\u01a1i l\u00e0m vi\u1ec7c<\/th>\n<td style=\"width: 80%;\">Qu\u1eadn Ho\u00e0n Ki\u1ebfm, H\u00e0 N\u1ed9i<\/td>\n<\/tr>\n<tr>\n<th style=\"width: 20%;\">\u0110i\u1ec1u ki\u1ec7n tuy\u1ec3n d\u1ee5ng<\/th>\n<td style=\"width: 80%;\">Tr\u00ecnh \u0111\u1ed9 Nh\u1eadt Ng\u1eef t\u01b0\u01a1ng \u0111\u01b0\u01a1ng N2 tr\u1edf l\u00ean<br \/>\nS\u1ed1ng t\u1ea1i H\u00e0 N\u1ed9i<\/td>\n<\/tr>\n<tr>\n<th style=\"width: 20%;\">\u0110\u00e3i ng\u1ed9<\/th>\n<td style=\"width: 80%;\">Th\u1eddi gian th\u1eed vi\u1ec7c : 60 ng\u00e0y<br \/>\nM\u1ee9c l\u01b0\u01a1ng: Kh\u1edfi \u0111i\u1ec3m t\u1eeb $600~$700<br \/>\nC\u01a1 h\u1ed9i t\u0103ng l\u01b0\u01a1ng: 1 n\u0103m 1 l\u1ea7n<br \/>\nM\u1ee9c th\u01b0\u1edfng: 1 n\u0103m 1 l\u1ea7n ( th\u01b0\u1edfng T\u1ebft \uff09<br \/>\nTh\u1eddi gian l\u00e0m vi\u1ec7c: t\u1eeb th\u1ee9 2 \u0111\u1ebfn th\u1ee9 6\uff089:00\uff5e18:00\uff09<br \/>\nNgh\u1ec9 ph\u00e9p c\u00f3 l\u01b0\u01a1ng : l\u00e0m vi\u1ec7c \u0111\u1ee7 12 th\u00e1ng \u0111\u01b0\u1ee3c ngh\u1ec9 ph\u00e9p 12 ng\u00e0y\/n\u0103m<br \/>\nCh\u1ebf \u0111\u1ed9 ph\u00fac l\u1ee3i : du l\u1ecbch c\u00f4ng ty, li\u00ean hoan, tham gia b\u1ea3o hi\u1ec3m x\u00e3 h\u1ed9i, ki\u1ec3m tra s\u1ee9c kh\u1ecfe (1 n\u0103m 1 l\u1ea7n)<\/td>\n<\/tr>\n<tr>\n<th style=\"width: 20%;\">Qu\u00e1 tr\u00ecnh ph\u1ecfng v\u1ea5n<\/th>\n<td style=\"width: 80%;\">1.Ch\u1ecdn l\u1ecdc CV (~20\/11)<br \/>\n2.Ph\u1ecfng v\u1ea5n tr\u1ef1c tuy\u1ebfn v\u1edbi qu\u1ea3n l\u00fd ng\u01b0\u1eddi Vi\u1ec7t t\u1ea1i v\u0103n ph\u00f2ng H\u00e0 N\u1ed9i (20\/11~26\/11)<br \/>\n3.Ki\u1ec3m tra k\u1ef9 n\u0103ng l\u00e0m vi\u1ec7c \u0111\u01a1n gi\u1ea3n t\u1ea1i v\u0103n ph\u00f2ng H\u00e0 N\u1ed9i (10 ph\u00fat) + Ph\u1ecfng v\u1ea5n tr\u1ef1c ti\u1ebfp t\u1ea1i v\u0103n ph\u00f2ng H\u00e0 N\u1ed9i v\u1edbi gi\u00e1m \u0111\u1ed1c \u0111i\u1ec1u h\u00e0nh ng\u01b0\u1eddi Nh\u1eadt (1\/12~8\/12)<br \/>\n4.Ph\u1ecfng v\u1ea5n tr\u1ef1c tuy\u1ebfn v\u1edbi gi\u00e1m \u0111\u1ed1c qu\u1ea3n l\u00fd kinh doanh ng\u01b0\u1eddi Nh\u1eadt t\u1ea1i H\u00e0 N\u1ed9i (9\/12~16\/12)<\/td>\n<\/tr>\n<\/tbody>\n<\/table>\n<div class=\"wp-block-button btn-wrap aligncenter is-style-outline\"><a href=\"#form\"class=\"wp-block-button__link\" >\u1ee8ng tuy\u1ec3n<\/a><\/div>\n<p><center><b><u><span style=\"font-size: x-large;\">V\u0103n ph\u00f2ng c\u1ee7a ch\u00fang t\u00f4i<\/span><\/u><\/b><\/center>&nbsp;<\/p>\n<div id='gallery-1' class='gallery galleryid-1840 gallery-columns-2 gallery-size-large'><figure class='gallery-item'>\n\t\t\t<div class='gallery-icon landscape'>\n\t\t\t\t<a href='https:\/\/wkvetter.com\/wp-content\/uploads\/hanoioffice-1.jpg'><img loading=\"lazy\" decoding=\"async\" width=\"728\" height=\"486\" src=\"https:\/\/wkvetter.com\/wp-content\/uploads\/hanoioffice-1-1024x683.jpg\" class=\"attachment-large size-large\" alt=\"\" srcset=\"https:\/\/wkvetter.com\/wp-content\/uploads\/hanoioffice-1-1024x683.jpg 1024w, https:\/\/wkvetter.com\/wp-content\/uploads\/hanoioffice-1-300x200.jpg 300w, https:\/\/wkvetter.com\/wp-content\/uploads\/hanoioffice-1-768x512.jpg 768w, https:\/\/wkvetter.com\/wp-content\/uploads\/hanoioffice-1-374x249.jpg 374w, https:\/\/wkvetter.com\/wp-content\/uploads\/hanoioffice-1.jpg 1200w\" sizes=\"(max-width: 728px) 100vw, 728px\" \/><\/a>\n\t\t\t<\/div><\/figure><figure class='gallery-item'>\n\t\t\t<div class='gallery-icon landscape'>\n\t\t\t\t<a href='https:\/\/wkvetter.com\/wp-content\/uploads\/hanoioffice-2.jpg'><img loading=\"lazy\" decoding=\"async\" width=\"728\" height=\"486\" src=\"https:\/\/wkvetter.com\/wp-content\/uploads\/hanoioffice-2-1024x683.jpg\" class=\"attachment-large size-large\" alt=\"\" srcset=\"https:\/\/wkvetter.com\/wp-content\/uploads\/hanoioffice-2-1024x683.jpg 1024w, https:\/\/wkvetter.com\/wp-content\/uploads\/hanoioffice-2-300x200.jpg 300w, https:\/\/wkvetter.com\/wp-content\/uploads\/hanoioffice-2-768x512.jpg 768w, https:\/\/wkvetter.com\/wp-content\/uploads\/hanoioffice-2-374x249.jpg 374w, https:\/\/wkvetter.com\/wp-content\/uploads\/hanoioffice-2.jpg 1200w\" sizes=\"(max-width: 728px) 100vw, 728px\" \/><\/a>\n\t\t\t<\/div><\/figure><figure class='gallery-item'>\n\t\t\t<div class='gallery-icon landscape'>\n\t\t\t\t<a href='https:\/\/wkvetter.com\/wp-content\/uploads\/hanoioffice-3.jpg'><img loading=\"lazy\" decoding=\"async\" width=\"728\" height=\"486\" src=\"https:\/\/wkvetter.com\/wp-content\/uploads\/hanoioffice-3-1024x683.jpg\" class=\"attachment-large size-large\" alt=\"\" srcset=\"https:\/\/wkvetter.com\/wp-content\/uploads\/hanoioffice-3-1024x683.jpg 1024w, https:\/\/wkvetter.com\/wp-content\/uploads\/hanoioffice-3-300x200.jpg 300w, https:\/\/wkvetter.com\/wp-content\/uploads\/hanoioffice-3-768x512.jpg 768w, https:\/\/wkvetter.com\/wp-content\/uploads\/hanoioffice-3-374x249.jpg 374w, https:\/\/wkvetter.com\/wp-content\/uploads\/hanoioffice-3.jpg 1200w\" sizes=\"(max-width: 728px) 100vw, 728px\" \/><\/a>\n\t\t\t<\/div><\/figure><figure class='gallery-item'>\n\t\t\t<div class='gallery-icon landscape'>\n\t\t\t\t<a href='https:\/\/wkvetter.com\/wp-content\/uploads\/hanoioffice-4.jpg'><img loading=\"lazy\" decoding=\"async\" width=\"728\" height=\"486\" src=\"https:\/\/wkvetter.com\/wp-content\/uploads\/hanoioffice-4-1024x683.jpg\" class=\"attachment-large size-large\" alt=\"\" srcset=\"https:\/\/wkvetter.com\/wp-content\/uploads\/hanoioffice-4-1024x683.jpg 1024w, https:\/\/wkvetter.com\/wp-content\/uploads\/hanoioffice-4-300x200.jpg 300w, https:\/\/wkvetter.com\/wp-content\/uploads\/hanoioffice-4-768x512.jpg 768w, https:\/\/wkvetter.com\/wp-content\/uploads\/hanoioffice-4-374x249.jpg 374w, https:\/\/wkvetter.com\/wp-content\/uploads\/hanoioffice-4.jpg 1200w\" sizes=\"(max-width: 728px) 100vw, 728px\" \/><\/a>\n\t\t\t<\/div><\/figure>\n\t\t<\/div>\n\n<p><center><b><u><span style=\"font-size: x-large;\">V\u1ec1 ch\u00fang t\u00f4i<\/span><\/u><\/b><\/center><br \/>\nC\u00f4ng ty ch\u00fang t\u00f4i \u0111\u01b0\u1ee3c th\u00e0nh l\u1eadp t\u1ea1i Vi\u1ec7t Nam v\u00e0o n\u0103m 2010. Ch\u00fang t\u00f4i \u0111i\u1ec1u h\u00e0nh c\u00e1c ph\u01b0\u01a1ng ti\u1ec7n truy\u1ec1n th\u00f4ng b\u00e1o gi\u1ea5y v\u00e0 truy\u1ec1n th\u00f4ng tr\u1ef1c tuy\u1ebfn cho nh\u1eefng ng\u01b0\u1eddi Nh\u1eadt B\u1ea3n sinh s\u1ed1ng v\u00e0 l\u00e0m vi\u1ec7c t\u1ea1i Vi\u1ec7t Nam. Nh\u00f3m c\u1ee7a ch\u00fang t\u00f4i c\u00f3 tr\u1ee5 s\u1edf t\u1ea1i Vi\u1ec7t Nam, Indonesia, Singapore v\u00e0 Hoa K\u1ef3 (New York). Cho \u0111\u1ebfn nay, ch\u00fang t\u00f4i \u0111\u00e3 t\u1ea1o ra c\u00e1c ph\u01b0\u01a1ng ti\u1ec7n truy\u1ec1n th\u00f4ng \u0111\u1ec3 h\u1ed7 tr\u1ee3 ng\u01b0\u1eddi d\u00e2n Nh\u1eadt B\u1ea3n v\u00e0 ng\u01b0\u1eddi d\u00e2n \u0111\u1ecba ph\u01b0\u01a1ng \u1edf m\u1ed7i khu v\u1ef1c.<\/p>\n<p>Hi\u1ec7n nay Vi\u1ec7t Nam v\u00e0 Nh\u1eadt B\u1ea3n c\u00f3 m\u1ed1i quan h\u1ec7 kh\u00f4ng th\u1ec3 thay th\u1ebf. Ch\u00fang t\u00f4i mong mu\u1ed1n ti\u1ebfp t\u1ee5c t\u1ea1o ra c\u00e1c d\u1ecbch v\u1ee5 h\u1ed7 tr\u1ee3 ng\u01b0\u1eddi Vi\u1ec7t Nam v\u00e0 ng\u01b0\u1eddi Nh\u1eadt B\u1ea3n t\u1ea1i Vi\u1ec7t Nam. Do \u0111\u00f3, ch\u00fang t\u00f4i hy v\u1ecdng c\u00f3 th\u1ec3 t\u1ea1o ra m\u1ed9t n\u1ec1n t\u1ea3ng m\u00e0 ng\u01b0\u1eddi Vi\u1ec7t Nam v\u00e0 ng\u01b0\u1eddi Nh\u1eadt B\u1ea3n c\u00f3 th\u1ec3 \u0111\u00f3ng vai tr\u00f2 t\u00edch c\u1ef1c v\u00e0 \u0111\u00f3ng g\u00f3p v\u00e0o s\u1ef1 ph\u00e1t tri\u1ec3n c\u1ee7a Vi\u1ec7t Nam.<\/p>\n<p><center id=\"form\"><b><u><span style=\"font-size: x-large;\">M\u1eabu \u0111\u0103ng k\u00fd<\/span><\/u><\/b><\/center><div class=\"cbox is-style-yellow_box type_normal\"><div class=\"cboxcomment\">[mwform_formkey key=&#8221;48217&#8243;]<\/div><\/div>\n<p><\/span><\/p>\n<div class=\"veu_socialSet veu_socialSet-position-after veu_contentAddSection\"><script>window.twttr=(function(d,s,id){var js,fjs=d.getElementsByTagName(s)[0],t=window.twttr||{};if(d.getElementById(id))return t;js=d.createElement(s);js.id=id;js.src=\"https:\/\/platform.twitter.com\/widgets.js\";fjs.parentNode.insertBefore(js,fjs);t._e=[];t.ready=function(f){t._e.push(f);};return t;}(document,\"script\",\"twitter-wjs\"));<\/script><ul><\/ul><\/div><!-- [ \/.socialSet ] -->","protected":false},"excerpt":{"rendered":"<p>Y\u00eau c\u1ea7u \u1ee9ng tuy\u1ec3n N\u1ed9i dung c\u00f4ng vi\u1ec7c 1.B\u00e1n h\u00e0ng qu\u1ea3ng c\u00e1o cho k\u00eanh online v\u00e0 t\u1ea1p ch\u00ed ti\u1ebfng Nh\u1eadt. 2.T\u00ecm kh\u00e1ch q&#8230;<\/p>\n","protected":false},"author":1,"featured_media":48224,"parent":0,"menu_order":0,"comment_status":"closed","ping_status":"closed","template":"page-full.php","meta":{"_monsterinsights_skip_tracking":false,"_monsterinsights_sitenote_active":false,"_monsterinsights_sitenote_note":"","_monsterinsights_sitenote_category":0,"footnotes":"","vkexunit_cta_each_option":""},"tags":[],"aioseo_notices":[],"_links":{"self":[{"href":"https:\/\/wkvetter.com\/index.php?rest_route=\/wp\/v2\/pages\/1840"}],"collection":[{"href":"https:\/\/wkvetter.com\/index.php?rest_route=\/wp\/v2\/pages"}],"about":[{"href":"https:\/\/wkvetter.com\/index.php?rest_route=\/wp\/v2\/types\/page"}],"author":[{"embeddable":true,"href":"https:\/\/wkvetter.com\/index.php?rest_route=\/wp\/v2\/users\/1"}],"replies":[{"embeddable":true,"href":"https:\/\/wkvetter.com\/index.php?rest_route=%2Fwp%2Fv2%2Fcomments&post=1840"}],"version-history":[{"count":41,"href":"https:\/\/wkvetter.com\/index.php?rest_route=\/wp\/v2\/pages\/1840\/revisions"}],"predecessor-version":[{"id":48508,"href":"https:\/\/wkvetter.com\/index.php?rest_route=\/wp\/v2\/pages\/1840\/revisions\/48508"}],"wp:featuredmedia":[{"embeddable":true,"href":"https:\/\/wkvetter.com\/index.php?rest_route=\/wp\/v2\/media\/48224"}],"wp:attachment":[{"href":"https:\/\/wkvetter.com\/index.php?rest_route=%2Fwp%2Fv2%2Fmedia&parent=1840"}],"wp:term":[{"taxonomy":"post_tag","embeddable":true,"href":"https:\/\/wkvetter.com\/index.php?rest_route=%2Fwp%2Fv2%2Ftags&post=1840"}],"curies":[{"name":"wp","href":"https:\/\/api.w.org\/{rel}","templated":true}]}}