{"id":1834,"date":"2019-03-14T16:20:30","date_gmt":"2019-03-14T09:20:30","guid":{"rendered":"https:\/\/wkvetter.com\/?page_id=1834"},"modified":"2019-03-15T11:31:17","modified_gmt":"2019-03-15T04:31:17","slug":"recruitvietnamhcm","status":"publish","type":"page","link":"https:\/\/wkvetter.com\/?page_id=1834","title":{"rendered":"Tuy\u1ec3n D\u1ee5ng Ho Chi Minh"},"content":{"rendered":"<h2>N\u1eef nh\u00e2n vi\u00ean th\u00f4ng d\u1ecbch ki\u00eam tr\u1ee3 l\u00fd sale ng\u01b0\u1eddi Nh\u1eadt (ti\u1ebfng Nh\u1eadt N2 tr\u1edf l\u00ean \/ Full time ) cho t\u1ea1p ch\u00ed ti\u1ebfng Nh\u1eadt Vetter.<\/h2>\n<a href=\"https:\/\/wkvetter.com\/wp-content\/uploads\/2019\/03\/foto1.jpg\"><img loading=\"lazy\" decoding=\"async\" src=\"https:\/\/wkvetter.com\/wp-content\/uploads\/2019\/03\/foto1.jpg\" alt=\"\" width=\"960\" height=\"720\" class=\"alignnone size-full wp-image-1846\" srcset=\"https:\/\/wkvetter.com\/wp-content\/uploads\/2019\/03\/foto1.jpg 960w, https:\/\/wkvetter.com\/wp-content\/uploads\/2019\/03\/foto1-300x225.jpg 300w, https:\/\/wkvetter.com\/wp-content\/uploads\/2019\/03\/foto1-768x576.jpg 768w, https:\/\/wkvetter.com\/wp-content\/uploads\/2019\/03\/foto1-374x281.jpg 374w\" sizes=\"(max-width: 960px) 100vw, 960px\" \/><\/a>\n<h4>V\u1ecb tr\u00ed tuy\u1ec3n d\u1ee5ng<\/h4>\n<p>\u25ef Nh\u00e2n vi\u00ean th\u00f4ng d\u1ecbch ki\u00eam tr\u1ee3 l\u00fd sale ng\u01b0\u1eddi Nh\u1eadt<\/p>\n<h4>N\u1ed9i dung c\u00f4ng vi\u1ec7c<\/h4>\n<p>\u25ef Th\u00f4ng d\u1ecbch cho nh\u00e2n vi\u00ean sale ng\u01b0\u1eddi Nh\u1eadt<br \/>\n\u25ef C\u00f4ng vi\u1ec7c tr\u1ee3 l\u00fd kinh doanh (l\u00e0m h\u1ee3p \u0111\u1ed3ng, qu\u1ea3n l\u00fd n\u1ed9i dung qu\u1ea3ng c\u00e1o\u2026)<\/p>\n<h4>N\u01a1i l\u00e0m vi\u1ec7c<\/h4>\n<p>\u25ef Qu\u1eadn 1 TPHCM<\/p>\n<h4>\u0110i\u1ec1u ki\u1ec7n b\u1eaft bu\u1ed9c<\/h4>\n<p><a href=\"https:\/\/wkvetter.com\/wp-content\/uploads\/2019\/03\/fotohcm1.jpg\"><img loading=\"lazy\" decoding=\"async\" src=\"https:\/\/wkvetter.com\/wp-content\/uploads\/2019\/03\/fotohcm1.jpg\" alt=\"\" width=\"2016\" height=\"1512\" class=\"alignnone size-full wp-image-1874\" srcset=\"https:\/\/wkvetter.com\/wp-content\/uploads\/2019\/03\/fotohcm1.jpg 2016w, https:\/\/wkvetter.com\/wp-content\/uploads\/2019\/03\/fotohcm1-300x225.jpg 300w, https:\/\/wkvetter.com\/wp-content\/uploads\/2019\/03\/fotohcm1-768x576.jpg 768w, https:\/\/wkvetter.com\/wp-content\/uploads\/2019\/03\/fotohcm1-1024x768.jpg 1024w, https:\/\/wkvetter.com\/wp-content\/uploads\/2019\/03\/fotohcm1-374x281.jpg 374w\" sizes=\"(max-width: 2016px) 100vw, 2016px\" \/><\/a><br \/>\n\u25ef N\u1eef<br \/>\n\u25ef Tr\u00ecnh \u0111\u1ed9 Nh\u1eadt Ng\u1eef N2 tr\u1edf l\u00ean<br \/>\n\u25ef Sinh s\u1ed1ng t\u1ea1i TP.HCM<\/p>\n<h4>N\u1ebfu c\u00f3 nh\u1eefng \u0111i\u1ec1u ki\u1ec7n d\u01b0\u1edbi \u0111\u00e2y l\u00e0 1 l\u1ee3i th\u1ebf<\/h4>\n<p>\u25ef C\u00f3 kinh nghi\u1ec7m tr\u1ee3 l\u00fd kinh doanh<\/p>\n<h4>Ch\u1ebf \u0111\u1ed9 \u0111\u00e3i ng\u1ed9<\/h4>\n<p>\u25ef Th\u1eddi gian th\u1eed vi\u1ec7c : 60 ng\u00e0y<br \/>\n\u25ef M\u1ee9c l\u01b0\u01a1ng : 400 USD &#8211; 700 USD<br \/>\n\u25ef T\u0103ng l\u01b0\u01a1ng : 1 n\u0103m 1 l\u1ea7n<br \/>\n\u25ef M\u1ee9c th\u01b0\u1edfng : 1 n\u0103m 1 l\u1ea7n (th\u01b0\u1edfng T\u1ebft)<br \/>\n\u25ef Th\u1eddi gian l\u00e0m vi\u1ec7c : T\u1eeb th\u1ee9 2 \u0111\u1ebfn th\u1ee9 6 (9:00\uff5e18:00)<br \/>\n\u25ef N\u01a1i l\u00e0m vi\u1ec7c : qu\u1eadn 1, TP.HCM<br \/>\n\u25ef Ngh\u1ec9 ph\u00e9p c\u00f3 l\u01b0\u01a1ng : l\u00e0m vi\u1ec7c tr\u00ean 12 th\u00e1ng \u0111\u01b0\u1ee3c ngh\u1ec9 ph\u00e9p n\u0103m 12 ng\u00e0y<br \/>\n\u25ef Ch\u1ebf \u0111\u1ed9 ph\u00fac l\u1ee3i : du l\u1ecbch c\u00f4ng ty, li\u00ean hoan, tham gia b\u1ea3o hi\u1ec3m x\u00e3 h\u1ed9i<\/p>\n<h4>M\u1eabu \u0111\u0103ng k\u00fd<\/h4>\n<div id=\"metaslider-id-1877\" style=\"max-width: 600px;\" class=\"ml-slider-3-23-0 metaslider metaslider-nivo metaslider-1877 ml-slider\">\n    <div id=\"metaslider_container_1877\">\n        <div class='slider-wrapper theme-default'><div class='ribbon'><\/div><div id='metaslider_1877' class='nivoSlider'><img loading=\"lazy\" decoding=\"async\" src=\"https:\/\/wkvetter.com\/wp-content\/uploads\/2019\/03\/DSC06137-600x400.jpg\" height=\"400\" width=\"600\" title=\"DSC06137\" alt=\"\" class=\"slider-1877 slide-1878\" \/><img loading=\"lazy\" decoding=\"async\" src=\"https:\/\/wkvetter.com\/wp-content\/uploads\/2019\/03\/P1240857-600x400.jpg\" height=\"400\" width=\"600\" data-caption=\"Chuy\u1ebfn \u0111i nh&acirc;n vi&ecirc;n chung c\u1ee7a \u0111\u1ed9i Vi\u1ec7t Nam v&agrave; \u0111\u1ed9i Indonesia (Pattaya, Th&aacute;i Lan. 2018)\" title=\"P1240857\" alt=\"\" class=\"slider-1877 slide-1879\" \/><img loading=\"lazy\" decoding=\"async\" src=\"https:\/\/wkvetter.com\/wp-content\/uploads\/2019\/03\/P1240896-600x400.jpg\" height=\"400\" width=\"600\" title=\"P1240896\" alt=\"\" class=\"slider-1877 slide-1880\" \/><img loading=\"lazy\" decoding=\"async\" src=\"https:\/\/wkvetter.com\/wp-content\/uploads\/2019\/03\/P1240974-600x400.jpg\" height=\"400\" width=\"600\" title=\"P1240974\" alt=\"\" class=\"slider-1877 slide-1881\" \/><img loading=\"lazy\" decoding=\"async\" src=\"https:\/\/wkvetter.com\/wp-content\/uploads\/2019\/03\/DSC06098-600x400.jpg\" height=\"400\" width=\"600\" title=\"DSC06098\" alt=\"\" class=\"slider-1877 slide-1889\" \/><img loading=\"lazy\" decoding=\"async\" src=\"https:\/\/wkvetter.com\/wp-content\/uploads\/2019\/03\/P1240991-600x400.jpg\" height=\"400\" width=\"600\" title=\"P1240991\" alt=\"\" class=\"slider-1877 slide-1882\" \/><img loading=\"lazy\" decoding=\"async\" src=\"https:\/\/wkvetter.com\/wp-content\/uploads\/2019\/03\/P1250026-600x400.jpg\" height=\"400\" width=\"600\" title=\"P1250026\" alt=\"\" class=\"slider-1877 slide-1883\" \/><img loading=\"lazy\" decoding=\"async\" src=\"https:\/\/wkvetter.com\/wp-content\/uploads\/2019\/03\/P1250057-600x400.jpg\" height=\"400\" width=\"600\" title=\"P1250057\" alt=\"\" class=\"slider-1877 slide-1884\" \/><img loading=\"lazy\" decoding=\"async\" src=\"https:\/\/wkvetter.com\/wp-content\/uploads\/2019\/03\/P1240980-600x400.jpg\" height=\"400\" width=\"600\" title=\"P1240980\" alt=\"\" class=\"slider-1877 slide-1888\" \/><img loading=\"lazy\" decoding=\"async\" src=\"https:\/\/wkvetter.com\/wp-content\/uploads\/2019\/03\/P1250176-600x400.jpg\" height=\"400\" width=\"600\" title=\"P1250176\" alt=\"\" class=\"slider-1877 slide-1885\" \/><img loading=\"lazy\" decoding=\"async\" src=\"https:\/\/wkvetter.com\/wp-content\/uploads\/2019\/03\/P1250218-600x400.jpg\" height=\"400\" width=\"600\" title=\"P1250218\" alt=\"\" class=\"slider-1877 slide-1886\" \/><img loading=\"lazy\" decoding=\"async\" src=\"https:\/\/wkvetter.com\/wp-content\/uploads\/2019\/03\/P1250222-600x400.jpg\" height=\"400\" width=\"600\" title=\"P1250222\" alt=\"\" class=\"slider-1877 slide-1887\" \/><\/div><\/div>\n        \n    <\/div>\n<\/div>\n<font size=\"1\" color=\"#808080\">Nh\u00e2n vi\u00ean du l\u1ecbch Th\u00e1i Lan 2018<\/font><\/p>\n[contact-form-7 id=&#8221;1892&#8243; title=&#8221;recruit_vietnamese_HCM&#8221;]\n<div class=\"veu_socialSet veu_socialSet-position-after veu_contentAddSection\"><script>window.twttr=(function(d,s,id){var js,fjs=d.getElementsByTagName(s)[0],t=window.twttr||{};if(d.getElementById(id))return t;js=d.createElement(s);js.id=id;js.src=\"https:\/\/platform.twitter.com\/widgets.js\";fjs.parentNode.insertBefore(js,fjs);t._e=[];t.ready=function(f){t._e.push(f);};return t;}(document,\"script\",\"twitter-wjs\"));<\/script><ul><\/ul><\/div><!-- [ \/.socialSet ] -->","protected":false},"excerpt":{"rendered":"<p>N\u1eef nh\u00e2n vi\u00ean th\u00f4ng d\u1ecbch ki\u00eam tr\u1ee3 l\u00fd sale ng\u01b0\u1eddi Nh\u1eadt (ti\u1ebfng Nh\u1eadt N2 tr\u1edf l\u00ean \/ Full time ) cho t\u1ea1p ch\u00ed ti\u1ebfng Nh\u1ead&#8230;<\/p>\n","protected":false},"author":1,"featured_media":1858,"parent":0,"menu_order":0,"comment_status":"closed","ping_status":"closed","template":"","meta":{"_monsterinsights_skip_tracking":false,"_monsterinsights_sitenote_active":false,"_monsterinsights_sitenote_note":"","_monsterinsights_sitenote_category":0,"footnotes":"","vkexunit_cta_each_option":""},"tags":[],"aioseo_notices":[],"_links":{"self":[{"href":"https:\/\/wkvetter.com\/index.php?rest_route=\/wp\/v2\/pages\/1834"}],"collection":[{"href":"https:\/\/wkvetter.com\/index.php?rest_route=\/wp\/v2\/pages"}],"about":[{"href":"https:\/\/wkvetter.com\/index.php?rest_route=\/wp\/v2\/types\/page"}],"author":[{"embeddable":true,"href":"https:\/\/wkvetter.com\/index.php?rest_route=\/wp\/v2\/users\/1"}],"replies":[{"embeddable":true,"href":"https:\/\/wkvetter.com\/index.php?rest_route=%2Fwp%2Fv2%2Fcomments&post=1834"}],"version-history":[{"count":12,"href":"https:\/\/wkvetter.com\/index.php?rest_route=\/wp\/v2\/pages\/1834\/revisions"}],"predecessor-version":[{"id":1911,"href":"https:\/\/wkvetter.com\/index.php?rest_route=\/wp\/v2\/pages\/1834\/revisions\/1911"}],"wp:featuredmedia":[{"embeddable":true,"href":"https:\/\/wkvetter.com\/index.php?rest_route=\/wp\/v2\/media\/1858"}],"wp:attachment":[{"href":"https:\/\/wkvetter.com\/index.php?rest_route=%2Fwp%2Fv2%2Fmedia&parent=1834"}],"wp:term":[{"taxonomy":"post_tag","embeddable":true,"href":"https:\/\/wkvetter.com\/index.php?rest_route=%2Fwp%2Fv2%2Ftags&post=1834"}],"curies":[{"name":"wp","href":"https:\/\/api.w.org\/{rel}","templated":true}]}}